{"id":544,"date":"2018-06-22T07:42:50","date_gmt":"2018-06-22T07:42:50","guid":{"rendered":"https:\/\/casinhadosolposto.pt\/?page_id=544"},"modified":"2019-10-14T22:53:43","modified_gmt":"2019-10-14T22:53:43","slug":"magia-do-alentejo","status":"publish","type":"page","link":"https:\/\/casinhadosolposto.pt\/en\/magia-do-alentejo\/","title":{"rendered":"The Magic of Alentejo"},"content":{"rendered":"<div data-elementor-type=\"wp-post\" data-elementor-id=\"544\" class=\"elementor elementor-544\">\n\t\t\t\t\t\t\t\t\t<section class=\"elementor-section elementor-top-section elementor-element elementor-element-78934791 elementor-section-stretched elementor-section-height-min-height elementor-section-boxed elementor-section-height-default elementor-section-items-middle\" data-id=\"78934791\" data-element_type=\"section\" data-settings=\"{&quot;stretch_section&quot;:&quot;section-stretched&quot;,&quot;background_background&quot;:&quot;classic&quot;}\">\n\t\t\t\t\t\t\t<div class=\"elementor-background-overlay\"><\/div>\n\t\t\t\t\t\t\t<div class=\"elementor-container elementor-column-gap-default\">\n\t\t\t\t\t<div class=\"elementor-column elementor-col-100 elementor-top-column elementor-element elementor-element-10a4b6ca\" data-id=\"10a4b6ca\" data-element_type=\"column\">\n\t\t\t<div class=\"elementor-widget-wrap elementor-element-populated\">\n\t\t\t\t\t\t\t\t<div class=\"elementor-element elementor-element-53e3c01e elementor-invisible elementor-widget elementor-widget-heading\" data-id=\"53e3c01e\" data-element_type=\"widget\" data-settings=\"{&quot;_animation&quot;:&quot;fadeInUp&quot;}\" data-widget_type=\"heading.default\">\n\t\t\t\t<div class=\"elementor-widget-container\">\n\t\t\t<h1 class=\"elementor-heading-title elementor-size-default\">The Magic of Alentejo<\/h1>\t\t<\/div>\n\t\t\t\t<\/div>\n\t\t\t\t<div class=\"elementor-element elementor-element-2ec32d32 elementor-invisible elementor-widget elementor-widget-heading\" data-id=\"2ec32d32\" data-element_type=\"widget\" data-settings=\"{&quot;_animation&quot;:&quot;fadeInUp&quot;,&quot;_animation_delay&quot;:400}\" data-widget_type=\"heading.default\">\n\t\t\t\t<div class=\"elementor-widget-container\">\n\t\t\t<div class=\"elementor-heading-title elementor-size-default\">Enjoy to explore the region<\/div>\t\t<\/div>\n\t\t\t\t<\/div>\n\t\t\t\t\t<\/div>\n\t\t<\/div>\n\t\t\t\t\t\t\t<\/div>\n\t\t<\/section>\n\t\t\t\t<section class=\"elementor-section elementor-top-section elementor-element elementor-element-3696be3 elementor-section-stretched elementor-section-boxed elementor-section-height-default elementor-section-height-default\" data-id=\"3696be3\" data-element_type=\"section\" data-settings=\"{&quot;stretch_section&quot;:&quot;section-stretched&quot;,&quot;background_background&quot;:&quot;classic&quot;}\">\n\t\t\t\t\t\t<div class=\"elementor-container elementor-column-gap-default\">\n\t\t\t\t\t<div class=\"elementor-column elementor-col-100 elementor-top-column elementor-element elementor-element-48a22ab\" data-id=\"48a22ab\" data-element_type=\"column\">\n\t\t\t<div class=\"elementor-widget-wrap elementor-element-populated\">\n\t\t\t\t\t\t\t\t<div class=\"elementor-element elementor-element-a609cbb elementor-widget elementor-widget-html\" data-id=\"a609cbb\" data-element_type=\"widget\" data-widget_type=\"html.default\">\n\t\t\t\t<div class=\"elementor-widget-container\">\n\t\t\t<p\t\t<\/div>\n\t\t\t\t<\/div>\n\t\t\t\t<div class=\"elementor-element elementor-element-1c28249 elementor-widget elementor-widget-text-editor\" data-id=\"1c28249\" data-element_type=\"widget\" data-widget_type=\"text-editor.default\">\n\t\t\t\t<div class=\"elementor-widget-container\">\n\t\t\t\t\t\t\t<p class=\"p1\"><span class=\"s1\">The Region is very rich in experiences. We challenge you to know some that are just minutes from the \u201cCasinha do Sol-Posto\u201d, in terms of gastronomy, tourism or even science, which will not miss are places that transport you to idyllic scenarios.<\/span><\/p>\t\t\t\t\t\t<\/div>\n\t\t\t\t<\/div>\n\t\t\t\t\t<\/div>\n\t\t<\/div>\n\t\t\t\t\t\t\t<\/div>\n\t\t<\/section>\n\t\t\t\t<section class=\"elementor-section elementor-top-section elementor-element elementor-element-533cf0d elementor-section-boxed elementor-section-height-default elementor-section-height-default\" data-id=\"533cf0d\" data-element_type=\"section\">\n\t\t\t\t\t\t<div class=\"elementor-container elementor-column-gap-default\">\n\t\t\t\t\t<div class=\"elementor-column elementor-col-100 elementor-top-column elementor-element elementor-element-6fce9c4\" data-id=\"6fce9c4\" data-element_type=\"column\">\n\t\t\t<div class=\"elementor-widget-wrap elementor-element-populated\">\n\t\t\t\t\t\t\t\t<div class=\"elementor-element elementor-element-185df64 elementor-widget elementor-widget-hoteller-slider-horizontal\" data-id=\"185df64\" data-element_type=\"widget\" data-widget_type=\"hoteller-slider-horizontal.default\">\n\t\t\t\t<div class=\"elementor-widget-container\">\n\t\t\t<div class=\"tg_horizontal_slider_wrapper\" data-autoplay=\"0\" data-loop=\"0\" data-navigation=\"1\" data-pagination=\"1\" data-fullscreen=\"0\">\n\t\t<div class=\"tg_horizontal_slider_cell\" style=\"height:700px;\">\n\t\t\t<div class=\"tg_horizontal_slider_content\" style=\"padding:40px;width:30%;\">\n\t\t\t\t<div class=\"tg_horizontal_slider_content_wrap\">\n\t\t\t\t\t<div class=\"tg_horizontal_slider_content_cell\">\n\t\t\t\t\t\t\t\t\t\t     \t\t<div class=\"tg_horizontal_slide_content_title\"><h2>Visit to Monsaraz Castle<\/h2><\/div>\n\t\t\t\t     \t\t\t\t\t\t\t\t<div class=\"tg_horizontal_slide_content_desc\">Enter a true fairy tale ... Walk through the characteristic streets of this Medieval Castle that preserves all the surroundings of the time.<\/div>\n\t\t\t\t\t\t\t\t\t\t\t<\/div>\n\t\t\t\t<\/div>\n\t\t\t<\/div>\n\t\t\t\n\t\t\t\t\t\t<div class=\"tg_horizontal_slider_bg\" style=\"padding:40px;width:70%;\">\n\t\t\t\t<div class=\"tg_horizontal_slider_bg_two_cols\" style=\"background-image:url(https:\/\/casinhadosolposto.pt\/wp-content\/uploads\/2019\/10\/FB_IMG_1558202738609.jpg);\"><\/div>\n\t\t\t\t\n\t\t\t\t<div class=\"tg_horizontal_slider_bg_two_cols last\">\n\t\t\t\t\t<div class=\"tg_horizontal_slider_bg_two_rows\" style=\"background-image:url(https:\/\/casinhadosolposto.pt\/wp-content\/uploads\/2019\/10\/IMG_20190416_004641_014.jpg);\"><\/div>\n\t\t\t\t\n\t\t\t\t\t<div class=\"tg_horizontal_slider_bg_two_rows last\" style=\"background-image:url(https:\/\/casinhadosolposto.pt\/wp-content\/uploads\/2019\/10\/IMG_20190929_220420.jpg);\"><\/div>\n\t\t\t\t<\/div>\n\t\t\t<\/div>\n\t\t\t\t\t\t\n\t\t<\/div>\n\t\t<div class=\"tg_horizontal_slider_cell\" style=\"height:700px;\">\n\t\t\t<div class=\"tg_horizontal_slider_content\" style=\"padding:40px;width:30%;\">\n\t\t\t\t<div class=\"tg_horizontal_slider_content_wrap\">\n\t\t\t\t\t<div class=\"tg_horizontal_slider_content_cell\">\n\t\t\t\t\t\t\t\t\t\t     \t\t<div class=\"tg_horizontal_slide_content_title\"><h2>Alqueva Lake Observatory (OLA)<\/h2><\/div>\n\t\t\t\t     \t\t\t\t\t\t\t\t<div class=\"tg_horizontal_slide_content_desc\">Every day at 9:30 pm In this two-hour session, learn how to find the polar star, identify the constellations and know their legends, relate the color of the stars to their ages, observe swarms of stars, nebulae and galaxies with our telescopes.<\/div>\n\t\t\t\t\t\t\t\t\t\t\t\t<a class=\"tg_horizontal_slide_content_link\" href=\"http:\/\/olagoalqueva.pt\" target=\"&quot;_blank&quot;\">OLA<\/a>\n\t\t\t\t\t\t\t\t\t\t\t<\/div>\n\t\t\t\t<\/div>\n\t\t\t<\/div>\n\t\t\t\n\t\t\t\t\t\t<div class=\"tg_horizontal_slider_bg\" style=\"padding:40px;width:70%;\">\n\t\t\t\t<div class=\"tg_horizontal_slider_bg_two_cols\" style=\"background-image:url(https:\/\/casinhadosolposto.pt\/wp-content\/uploads\/2019\/10\/OLA1.jpg);\"><\/div>\n\t\t\t\t\n\t\t\t\t<div class=\"tg_horizontal_slider_bg_two_cols last\">\n\t\t\t\t\t<div class=\"tg_horizontal_slider_bg_two_rows\" style=\"background-image:url(https:\/\/casinhadosolposto.pt\/wp-content\/uploads\/2019\/10\/OLA2.jpg);\"><\/div>\n\t\t\t\t\n\t\t\t\t\t<div class=\"tg_horizontal_slider_bg_two_rows last\" style=\"background-image:url(https:\/\/casinhadosolposto.pt\/wp-content\/uploads\/2019\/10\/OLA3.jpg);\"><\/div>\n\t\t\t\t<\/div>\n\t\t\t<\/div>\n\t\t\t\t\t\t\n\t\t<\/div>\n\t\t<div class=\"tg_horizontal_slider_cell\" style=\"height:700px;\">\n\t\t\t<div class=\"tg_horizontal_slider_content\" style=\"padding:40px;width:30%;\">\n\t\t\t\t<div class=\"tg_horizontal_slider_content_wrap\">\n\t\t\t\t\t<div class=\"tg_horizontal_slider_content_cell\">\n\t\t\t\t\t\t\t\t\t\t     \t\t<div class=\"tg_horizontal_slide_content_title\"><h2>BEACHES: Monsaraz; Mour\u00e3o; Amieira<\/h2><\/div>\n\t\t\t\t     \t\t\t\t\t\t\t\t<div class=\"tg_horizontal_slide_content_desc\">Enjoy getting to know and cool on these fabulous river beaches right in the center of Alentejo.<\/div>\n\t\t\t\t\t\t\t\t\t\t\t<\/div>\n\t\t\t\t<\/div>\n\t\t\t<\/div>\n\t\t\t\n\t\t\t\t\t\t<div class=\"tg_horizontal_slider_bg\" style=\"padding:40px;width:70%;\">\n\t\t\t\t<div class=\"tg_horizontal_slider_bg_two_cols\" style=\"background-image:url(https:\/\/casinhadosolposto.pt\/wp-content\/uploads\/2019\/10\/1Moura\u0303o.jpg);\"><\/div>\n\t\t\t\t\n\t\t\t\t<div class=\"tg_horizontal_slider_bg_two_cols last\">\n\t\t\t\t\t<div class=\"tg_horizontal_slider_bg_two_rows\" style=\"background-image:url(https:\/\/casinhadosolposto.pt\/wp-content\/uploads\/2019\/10\/AMieira.jpg);\"><\/div>\n\t\t\t\t\n\t\t\t\t\t<div class=\"tg_horizontal_slider_bg_two_rows last\" style=\"background-image:url(https:\/\/casinhadosolposto.pt\/wp-content\/uploads\/2019\/10\/IMG_2010-001.jpg);\"><\/div>\n\t\t\t\t<\/div>\n\t\t\t<\/div>\n\t\t\t\t\t\t\n\t\t<\/div>\n\t\t<div class=\"tg_horizontal_slider_cell\" style=\"height:700px;\">\n\t\t\t<div class=\"tg_horizontal_slider_content\" style=\"padding:40px;width:30%;\">\n\t\t\t\t<div class=\"tg_horizontal_slider_content_wrap\">\n\t\t\t\t\t<div class=\"tg_horizontal_slider_content_cell\">\n\t\t\t\t\t\t\t\t\t\t     \t\t<div class=\"tg_horizontal_slide_content_title\"><h2>Visits to the Cromlechs and Menhirs<\/h2><\/div>\n\t\t\t\t     \t\t\t\t\t\t\t\t<div class=\"tg_horizontal_slide_content_desc\">The municipality of Reguengos de Monsaraz bears witness to Man's millenary interest in the region that currently houses one of the largest artificial lakes in the whole of Europe - the Great Alqueva Lake.<\/div>\n\t\t\t\t\t\t\t\t\t\t\t\t<a class=\"tg_horizontal_slide_content_link\" href=\"http:\/\/www.cm-reguengos-monsaraz.pt\/pt\/visitar\/Paginas\/list-megalitismo.aspx\" target=\"&quot;_blank&quot;\">MEGALITISM<\/a>\n\t\t\t\t\t\t\t\t\t\t\t<\/div>\n\t\t\t\t<\/div>\n\t\t\t<\/div>\n\t\t\t\n\t\t\t\t\t\t<div class=\"tg_horizontal_slider_bg\" style=\"padding:40px;width:70%;\">\n\t\t\t\t<div class=\"tg_horizontal_slider_bg_two_cols\" style=\"background-image:url(https:\/\/casinhadosolposto.pt\/wp-content\/uploads\/2019\/10\/1Menir-do-Xerez_JA.jpg);\"><\/div>\n\t\t\t\t\n\t\t\t\t<div class=\"tg_horizontal_slider_bg_two_cols last\">\n\t\t\t\t\t<div class=\"tg_horizontal_slider_bg_two_rows\" style=\"background-image:url(https:\/\/casinhadosolposto.pt\/wp-content\/uploads\/2019\/10\/Cromeleque-do-Xerez.jpg);\"><\/div>\n\t\t\t\t\n\t\t\t\t\t<div class=\"tg_horizontal_slider_bg_two_rows last\" style=\"background-image:url(https:\/\/casinhadosolposto.pt\/wp-content\/uploads\/2019\/10\/Menir-do-Outeiro.jpg);\"><\/div>\n\t\t\t\t<\/div>\n\t\t\t<\/div>\n\t\t\t\t\t\t\n\t\t<\/div>\n\t\t<div class=\"tg_horizontal_slider_cell\" style=\"height:700px;\">\n\t\t\t<div class=\"tg_horizontal_slider_content\" style=\"padding:40px;width:30%;\">\n\t\t\t\t<div class=\"tg_horizontal_slider_content_wrap\">\n\t\t\t\t\t<div class=\"tg_horizontal_slider_content_cell\">\n\t\t\t\t\t\t\t\t\t\t     \t\t<div class=\"tg_horizontal_slide_content_title\"><h2>Valentine's Rock<\/h2><\/div>\n\t\t\t\t     \t\t\t\t\t\t\t\t<div class=\"tg_horizontal_slide_content_desc\">According to archaic tradition, single girls go there on Easter Monday to consult the menhir regarding their marriage.<\/div>\n\t\t\t\t\t\t\t\t\t\t\t\t<a class=\"tg_horizontal_slide_content_link\" href=\"http:\/\/www.cm-reguengos-monsaraz.pt\/pt\/visitar\/Paginas\/rocha-dos-namorados.aspx\" target=\"&quot;_blank&quot;\">Valentine's Rock<\/a>\n\t\t\t\t\t\t\t\t\t\t\t<\/div>\n\t\t\t\t<\/div>\n\t\t\t<\/div>\n\t\t\t\n\t\t\t\t\t\t<div class=\"tg_horizontal_slider_bg\" style=\"padding:40px;width:70%;\">\n\t\t\t\t<div class=\"tg_horizontal_slider_bg_two_cols\" style=\"background-image:url(https:\/\/casinhadosolposto.pt\/wp-content\/uploads\/2019\/10\/rocha1.jpg);\"><\/div>\n\t\t\t\t\n\t\t\t\t<div class=\"tg_horizontal_slider_bg_two_cols last\">\n\t\t\t\t\t<div class=\"tg_horizontal_slider_bg_two_rows\" style=\"background-image:url(https:\/\/casinhadosolposto.pt\/wp-content\/uploads\/2019\/10\/rocha2.jpg);\"><\/div>\n\t\t\t\t\n\t\t\t\t\t<div class=\"tg_horizontal_slider_bg_two_rows last\" style=\"background-image:url(https:\/\/casinhadosolposto.pt\/wp-content\/uploads\/2019\/10\/rocha3.jpg);\"><\/div>\n\t\t\t\t<\/div>\n\t\t\t<\/div>\n\t\t\t\t\t\t\n\t\t<\/div>\n\t\t<div class=\"tg_horizontal_slider_cell\" style=\"height:700px;\">\n\t\t\t<div class=\"tg_horizontal_slider_content\" style=\"padding:40px;width:30%;\">\n\t\t\t\t<div class=\"tg_horizontal_slider_content_wrap\">\n\t\t\t\t\t<div class=\"tg_horizontal_slider_content_cell\">\n\t\t\t\t\t\t\t\t\t\t     \t\t<div class=\"tg_horizontal_slide_content_title\"><h2>Visits to Wineries and Potteries<\/h2><\/div>\n\t\t\t\t     \t\t\t\t\t\t\t\t<div class=\"tg_horizontal_slide_content_desc\">Embranhe-se nas Adegas e Olarias do Concelho. Com um sem numero de unidades \u00e9 uma excelente forma de conhecer verdadeiras obras de arte e o t\u00e3o fabuloso n\u00e9ctar que se produz por toda esta terra.<\/div>\n\t\t\t\t\t\t\t\t\t\t\t<\/div>\n\t\t\t\t<\/div>\n\t\t\t<\/div>\n\t\t\t\n\t\t\t\t\t\t<div class=\"tg_horizontal_slider_bg\" style=\"padding:40px;width:70%;\">\n\t\t\t\t<div class=\"tg_horizontal_slider_bg_two_cols\" style=\"background-image:url(https:\/\/casinhadosolposto.pt\/wp-content\/uploads\/2019\/10\/adega1.jpg);\"><\/div>\n\t\t\t\t\n\t\t\t\t<div class=\"tg_horizontal_slider_bg_two_cols last\">\n\t\t\t\t\t<div class=\"tg_horizontal_slider_bg_two_rows\" style=\"background-image:url(https:\/\/casinhadosolposto.pt\/wp-content\/uploads\/2019\/10\/adega2.jpg);\"><\/div>\n\t\t\t\t\n\t\t\t\t\t<div class=\"tg_horizontal_slider_bg_two_rows last\" style=\"background-image:url(https:\/\/casinhadosolposto.pt\/wp-content\/uploads\/2019\/10\/adega3.jpg);\"><\/div>\n\t\t\t\t<\/div>\n\t\t\t<\/div>\n\t\t\t\t\t\t\n\t\t<\/div>\n<\/div>\n\t\t<\/div>\n\t\t\t\t<\/div>\n\t\t\t\t\t<\/div>\n\t\t<\/div>\n\t\t\t\t\t\t\t<\/div>\n\t\t<\/section>\n\t\t\t\t<section class=\"elementor-section elementor-top-section elementor-element elementor-element-9fb6487 elementor-section-boxed elementor-section-height-default elementor-section-height-default\" data-id=\"9fb6487\" data-element_type=\"section\">\n\t\t\t\t\t\t<div class=\"elementor-container elementor-column-gap-default\">\n\t\t\t\t\t<div class=\"elementor-column elementor-col-100 elementor-top-column elementor-element elementor-element-d405fa7\" data-id=\"d405fa7\" data-element_type=\"column\">\n\t\t\t<div class=\"elementor-widget-wrap elementor-element-populated\">\n\t\t\t\t\t\t\t\t<div class=\"elementor-element elementor-element-162ba94 elementor-widget elementor-widget-spacer\" data-id=\"162ba94\" data-element_type=\"widget\" data-widget_type=\"spacer.default\">\n\t\t\t\t<div class=\"elementor-widget-container\">\n\t\t\t\t\t<div class=\"elementor-spacer\">\n\t\t\t<div class=\"elementor-spacer-inner\"><\/div>\n\t\t<\/div>\n\t\t\t\t<\/div>\n\t\t\t\t<\/div>\n\t\t\t\t\t<\/div>\n\t\t<\/div>\n\t\t\t\t\t\t\t<\/div>\n\t\t<\/section>\n\t\t\t\t<section class=\"elementor-section elementor-top-section elementor-element elementor-element-843809f elementor-section-boxed elementor-section-height-default elementor-section-height-default\" data-id=\"843809f\" data-element_type=\"section\">\n\t\t\t\t\t\t<div class=\"elementor-container elementor-column-gap-default\">\n\t\t\t\t\t<div class=\"elementor-column elementor-col-100 elementor-top-column elementor-element elementor-element-c0231e2\" data-id=\"c0231e2\" data-element_type=\"column\">\n\t\t\t<div class=\"elementor-widget-wrap elementor-element-populated\">\n\t\t\t\t\t\t\t\t<div class=\"elementor-element elementor-element-ee77e75 elementor-widget elementor-widget-heading\" data-id=\"ee77e75\" data-element_type=\"widget\" data-widget_type=\"heading.default\">\n\t\t\t\t<div class=\"elementor-widget-container\">\n\t\t\t<h2 class=\"elementor-heading-title elementor-size-default\">Experiences We Provide (prices on request)<\/h2>\t\t<\/div>\n\t\t\t\t<\/div>\n\t\t\t\t\t<\/div>\n\t\t<\/div>\n\t\t\t\t\t\t\t<\/div>\n\t\t<\/section>\n\t\t\t\t<section class=\"elementor-section elementor-top-section elementor-element elementor-element-a45c936 elementor-section-boxed elementor-section-height-default elementor-section-height-default\" data-id=\"a45c936\" data-element_type=\"section\">\n\t\t\t\t\t\t<div class=\"elementor-container elementor-column-gap-default\">\n\t\t\t\t\t<div class=\"elementor-column elementor-col-100 elementor-top-column elementor-element elementor-element-8bd3118\" data-id=\"8bd3118\" data-element_type=\"column\">\n\t\t\t<div class=\"elementor-widget-wrap elementor-element-populated\">\n\t\t\t\t\t\t\t\t<div class=\"elementor-element elementor-element-dbc4f1d elementor-widget elementor-widget-spacer\" data-id=\"dbc4f1d\" data-element_type=\"widget\" data-widget_type=\"spacer.default\">\n\t\t\t\t<div class=\"elementor-widget-container\">\n\t\t\t\t\t<div class=\"elementor-spacer\">\n\t\t\t<div class=\"elementor-spacer-inner\"><\/div>\n\t\t<\/div>\n\t\t\t\t<\/div>\n\t\t\t\t<\/div>\n\t\t\t\t\t<\/div>\n\t\t<\/div>\n\t\t\t\t\t\t\t<\/div>\n\t\t<\/section>\n\t\t\t\t<section class=\"elementor-section elementor-top-section elementor-element elementor-element-c9574de elementor-section-boxed elementor-section-height-default elementor-section-height-default\" data-id=\"c9574de\" data-element_type=\"section\">\n\t\t\t\t\t\t<div class=\"elementor-container elementor-column-gap-default\">\n\t\t\t\t\t<div class=\"elementor-column elementor-col-100 elementor-top-column elementor-element elementor-element-258f2ae\" data-id=\"258f2ae\" data-element_type=\"column\">\n\t\t\t<div class=\"elementor-widget-wrap elementor-element-populated\">\n\t\t\t\t\t\t\t\t<div class=\"elementor-element elementor-element-7a88dc8 elementor-widget elementor-widget-hoteller-slider-parallax\" data-id=\"7a88dc8\" data-element_type=\"widget\" data-widget_type=\"hoteller-slider-parallax.default\">\n\t\t\t\t<div class=\"elementor-widget-container\">\n\t\t\t<div class=\"slider_parallax_wrapper\" data-autoplay=\"5000\" data-pagination=\"1\" data-navigation=\"1\" style=\"height:650px;\">\n\t<div class=\"slider_parallax_inner\">\n\t\t<div class=\"slider_parallax_slides\">\n\t\t\t\t\t\t<div class=\"slide is-active\">\n\t\t          \t<div class=\"slide-content\">\n\t\t            \t<div class=\"caption\">\n\t\t\t\t\t\t\t<div class=\"title\"><h2>Visit to the Alqueva Riverside Villages<\/h2><\/div>\n\t\t\t\t\t\t\t<div class=\"text\">\n\t\t                \t\t\t\t              \t\t<\/div> \n\t\t\t                \t\t            \t<\/div>\n\t\t          \t<\/div>\n\t\t\t\t  \t<div class=\"image-container\"> \n\t\t            \t<img decoding=\"async\" src=\"https:\/\/casinhadosolposto.pt\/wp-content\/uploads\/2019\/09\/aldeia_ribeirinha.jpeg\" alt=\"\" class=\"image\" \/>\n\t\t          \t<\/div>\n\t\t        <\/div>\n\t\t\t\t\t\t<div class=\"slide\">\n\t\t          \t<div class=\"slide-content\">\n\t\t            \t<div class=\"caption\">\n\t\t\t\t\t\t\t<div class=\"title\"><h2>Route through the museums of Vila Vi\u00e7osa<\/h2><\/div>\n\t\t\t\t\t\t\t<div class=\"text\">\n\t\t                \t\t\t\t              \t\t<\/div> \n\t\t\t                \t\t            \t<\/div>\n\t\t          \t<\/div>\n\t\t\t\t  \t<div class=\"image-container\"> \n\t\t            \t<img decoding=\"async\" src=\"https:\/\/casinhadosolposto.pt\/wp-content\/uploads\/2019\/09\/palacio_vv.jpg\" alt=\"\" class=\"image\" \/>\n\t\t          \t<\/div>\n\t\t        <\/div>\n\t\t\t\t\t\t<div class=\"slide\">\n\t\t          \t<div class=\"slide-content\">\n\t\t            \t<div class=\"caption\">\n\t\t\t\t\t\t\t<div class=\"title\"><h2>ZEN Experiences - Meditation<\/h2><\/div>\n\t\t\t\t\t\t\t<div class=\"text\">\n\t\t                \t\t\t\t              \t\t<\/div> \n\t\t\t                \t\t            \t<\/div>\n\t\t          \t<\/div>\n\t\t\t\t  \t<div class=\"image-container\"> \n\t\t            \t<img decoding=\"async\" src=\"https:\/\/casinhadosolposto.pt\/wp-content\/uploads\/2019\/10\/Zen1.jpg\" alt=\"\" class=\"image\" \/>\n\t\t          \t<\/div>\n\t\t        <\/div>\n\t\t\t\t\t\t<div class=\"slide\">\n\t\t          \t<div class=\"slide-content\">\n\t\t            \t<div class=\"caption\">\n\t\t\t\t\t\t\t<div class=\"title\"><h2>ZEN Experiences - Yoga<\/h2><\/div>\n\t\t\t\t\t\t\t<div class=\"text\">\n\t\t                \t\t\t\t              \t\t<\/div> \n\t\t\t                \t\t            \t<\/div>\n\t\t          \t<\/div>\n\t\t\t\t  \t<div class=\"image-container\"> \n\t\t            \t<img decoding=\"async\" src=\"https:\/\/casinhadosolposto.pt\/wp-content\/uploads\/2019\/10\/Zen_yoga.jpg\" alt=\"\" class=\"image\" \/>\n\t\t          \t<\/div>\n\t\t        <\/div>\n\t\t\t\t\t\t<div class=\"slide\">\n\t\t          \t<div class=\"slide-content\">\n\t\t            \t<div class=\"caption\">\n\t\t\t\t\t\t\t<div class=\"title\"><h2>ZEN Experiences - Reiki<\/h2><\/div>\n\t\t\t\t\t\t\t<div class=\"text\">\n\t\t                \t\t\t\t              \t\t<\/div> \n\t\t\t                \t\t            \t<\/div>\n\t\t          \t<\/div>\n\t\t\t\t  \t<div class=\"image-container\"> \n\t\t            \t<img decoding=\"async\" src=\"https:\/\/casinhadosolposto.pt\/wp-content\/uploads\/2019\/10\/Zen_reiki.jpg\" alt=\"\" class=\"image\" \/>\n\t\t          \t<\/div>\n\t\t        <\/div>\n\t\t\t\t\t\t<div class=\"slide\">\n\t\t          \t<div class=\"slide-content\">\n\t\t            \t<div class=\"caption\">\n\t\t\t\t\t\t\t<div class=\"title\"><h2>Meditation Tour to the Olive Grove<\/h2><\/div>\n\t\t\t\t\t\t\t<div class=\"text\">\n\t\t                \t\t\t\t              \t\t<\/div> \n\t\t\t                \t\t            \t<\/div>\n\t\t          \t<\/div>\n\t\t\t\t  \t<div class=\"image-container\"> \n\t\t            \t<img decoding=\"async\" src=\"https:\/\/casinhadosolposto.pt\/wp-content\/uploads\/2019\/09\/olival_da_pega.jpg\" alt=\"\" class=\"image\" \/>\n\t\t          \t<\/div>\n\t\t        <\/div>\n\t\t\t\t<\/div>\n\t\t\t\t<div class=\"pagination\">\n\t\t\t\t\t        <div class=\"item is-active\"> \n\t\t          <span class=\"icon\">1<\/span>\n\t\t        <\/div>\n\t        \t\t        <div class=\"item\"> \n\t\t          <span class=\"icon\">2<\/span>\n\t\t        <\/div>\n\t        \t\t        <div class=\"item\"> \n\t\t          <span class=\"icon\">3<\/span>\n\t\t        <\/div>\n\t        \t\t        <div class=\"item\"> \n\t\t          <span class=\"icon\">4<\/span>\n\t\t        <\/div>\n\t        \t\t        <div class=\"item\"> \n\t\t          <span class=\"icon\">5<\/span>\n\t\t        <\/div>\n\t        \t\t        <div class=\"item\"> \n\t\t          <span class=\"icon\">6<\/span>\n\t\t        <\/div>\n\t        \t    <\/div>\n\t    \t    \t    <div class=\"arrows\">\n\t        <div class=\"arrow prev\">\n\t          <span class=\"svg svg-arrow-left\">\n\t            <svg version=\"1.1\" id=\"svg4-Layer_1\" xmlns=\"http:\/\/www.w3.org\/2000\/svg\" xmlns:xlink=\"http:\/\/www.w3.org\/1999\/xlink\" x=\"0px\" y=\"0px\" width=\"14px\" height=\"26px\" viewbox=\"0 0 14 26\" enable-background=\"new 0 0 14 26\" xml:space=\"preserve\"> <path d=\"M13,26c-0.256,0-0.512-0.098-0.707-0.293l-12-12c-0.391-0.391-0.391-1.023,0-1.414l12-12c0.391-0.391,1.023-0.391,1.414,0s0.391,1.023,0,1.414L2.414,13l11.293,11.293c0.391,0.391,0.391,1.023,0,1.414C13.512,25.902,13.256,26,13,26z\"\/> <\/svg>\n\t            <span class=\"alt sr-only\"><\/span>\n\t          <\/span>\n\t        <\/div>\n\t        <div class=\"arrow next\">\n\t          <span class=\"svg svg-arrow-right\">\n\t            <svg version=\"1.1\" id=\"svg5-Layer_1\" xmlns=\"http:\/\/www.w3.org\/2000\/svg\" xmlns:xlink=\"http:\/\/www.w3.org\/1999\/xlink\" x=\"0px\" y=\"0px\" width=\"14px\" height=\"26px\" viewbox=\"0 0 14 26\" enable-background=\"new 0 0 14 26\" xml:space=\"preserve\"> <path d=\"M1,0c0.256,0,0.512,0.098,0.707,0.293l12,12c0.391,0.391,0.391,1.023,0,1.414l-12,12c-0.391,0.391-1.023,0.391-1.414,0s-0.391-1.023,0-1.414L11.586,13L0.293,1.707c-0.391-0.391-0.391-1.023,0-1.414C0.488,0.098,0.744,0,1,0z\"\/> <\/svg>\n\t            <span class=\"alt sr-only\"><\/span>\n\t          <\/span>\n\t        <\/div>\n\t    <\/div>\n\t    \t<\/div>\n<\/div>\n<br class=\"clear\"\/>\n\t\t<\/div>\n\t\t\t\t<\/div>\n\t\t\t\t\t<\/div>\n\t\t<\/div>\n\t\t\t\t\t\t\t<\/div>\n\t\t<\/section>\n\t\t\t\t\t\t\t<\/div>","protected":false},"excerpt":{"rendered":"<p>A Magia do Alentejo Aproveite para explorar a regi\u00e3o<\/p>","protected":false},"author":1,"featured_media":0,"parent":0,"menu_order":0,"comment_status":"closed","ping_status":"closed","template":"","meta":{"footnotes":""},"_links":{"self":[{"href":"https:\/\/casinhadosolposto.pt\/en\/wp-json\/wp\/v2\/pages\/544"}],"collection":[{"href":"https:\/\/casinhadosolposto.pt\/en\/wp-json\/wp\/v2\/pages"}],"about":[{"href":"https:\/\/casinhadosolposto.pt\/en\/wp-json\/wp\/v2\/types\/page"}],"author":[{"embeddable":true,"href":"https:\/\/casinhadosolposto.pt\/en\/wp-json\/wp\/v2\/users\/1"}],"replies":[{"embeddable":true,"href":"https:\/\/casinhadosolposto.pt\/en\/wp-json\/wp\/v2\/comments?post=544"}],"version-history":[{"count":45,"href":"https:\/\/casinhadosolposto.pt\/en\/wp-json\/wp\/v2\/pages\/544\/revisions"}],"predecessor-version":[{"id":2418,"href":"https:\/\/casinhadosolposto.pt\/en\/wp-json\/wp\/v2\/pages\/544\/revisions\/2418"}],"wp:attachment":[{"href":"https:\/\/casinhadosolposto.pt\/en\/wp-json\/wp\/v2\/media?parent=544"}],"curies":[{"name":"wp","href":"https:\/\/api.w.org\/{rel}","templated":true}]}}