{"id":455,"date":"2018-06-21T09:50:01","date_gmt":"2018-06-21T09:50:01","guid":{"rendered":"https:\/\/casinhadosolposto.pt\/?page_id=455"},"modified":"2019-10-07T10:56:28","modified_gmt":"2019-10-07T10:56:28","slug":"pedacos-de-amor","status":"publish","type":"page","link":"https:\/\/casinhadosolposto.pt\/en\/pedacos-de-amor\/","title":{"rendered":"Peda\u00e7os de AMOR"},"content":{"rendered":"<div data-elementor-type=\"wp-page\" data-elementor-id=\"455\" class=\"elementor elementor-455\">\n\t\t\t\t\t\t\t\t\t<section class=\"elementor-section elementor-top-section elementor-element elementor-element-382054b9 elementor-section-stretched elementor-section-height-min-height elementor-section-boxed elementor-section-height-default elementor-section-items-middle\" data-id=\"382054b9\" data-element_type=\"section\" data-settings=\"{&quot;stretch_section&quot;:&quot;section-stretched&quot;,&quot;background_background&quot;:&quot;classic&quot;}\">\n\t\t\t\t\t\t\t<div class=\"elementor-background-overlay\"><\/div>\n\t\t\t\t\t\t\t<div class=\"elementor-container elementor-column-gap-default\">\n\t\t\t\t\t<div class=\"elementor-column elementor-col-100 elementor-top-column elementor-element elementor-element-32fe08ab\" data-id=\"32fe08ab\" data-element_type=\"column\">\n\t\t\t<div class=\"elementor-widget-wrap elementor-element-populated\">\n\t\t\t\t\t\t\t\t<div class=\"elementor-element elementor-element-120fa92f elementor-invisible elementor-widget elementor-widget-heading\" data-id=\"120fa92f\" data-element_type=\"widget\" data-settings=\"{&quot;_animation&quot;:&quot;fadeInUp&quot;}\" data-widget_type=\"heading.default\">\n\t\t\t\t<div class=\"elementor-widget-container\">\n\t\t\t<h1 class=\"elementor-heading-title elementor-size-default\">Pieces of Love<\/h1>\t\t<\/div>\n\t\t\t\t<\/div>\n\t\t\t\t<div class=\"elementor-element elementor-element-5a1aa0a2 elementor-invisible elementor-widget elementor-widget-heading\" data-id=\"5a1aa0a2\" data-element_type=\"widget\" data-settings=\"{&quot;_animation&quot;:&quot;fadeInUp&quot;,&quot;_animation_delay&quot;:400}\" data-widget_type=\"heading.default\">\n\t\t\t\t<div class=\"elementor-widget-container\">\n\t\t\t<div class=\"elementor-heading-title elementor-size-default\">It's not just a little house, it's a welfare concept<\/div>\t\t<\/div>\n\t\t\t\t<\/div>\n\t\t\t\t\t<\/div>\n\t\t<\/div>\n\t\t\t\t\t\t\t<\/div>\n\t\t<\/section>\n\t\t\t\t<section class=\"elementor-section elementor-top-section elementor-element elementor-element-516b1d3 elementor-section-boxed elementor-section-height-default elementor-section-height-default elementor-invisible\" data-id=\"516b1d3\" data-element_type=\"section\" data-settings=\"{&quot;animation&quot;:&quot;fadeInUp&quot;,&quot;animation_delay&quot;:400}\">\n\t\t\t\t\t\t<div class=\"elementor-container elementor-column-gap-wider\">\n\t\t\t\t\t<div class=\"elementor-column elementor-col-50 elementor-top-column elementor-element elementor-element-5eb4d72\" data-id=\"5eb4d72\" data-element_type=\"column\">\n\t\t\t<div class=\"elementor-widget-wrap elementor-element-populated\">\n\t\t\t\t\t\t\t\t<div class=\"elementor-element elementor-element-66e71b7 elementor-widget elementor-widget-text-editor\" data-id=\"66e71b7\" data-element_type=\"widget\" data-widget_type=\"text-editor.default\">\n\t\t\t\t<div class=\"elementor-widget-container\">\n\t\t\t\t\t\t\t<h4 class=\"p1\"><span class=\"s1\">Enjoy simple moments that remain in memory.<\/span><\/h4><h4 class=\"p1\"><span class=\"s1\">A \u201cWelcome\u201d is characteristic of our Region, we want you to feel cherished from the first second you arrive.<br \/><\/span><\/h4>\t\t\t\t\t\t<\/div>\n\t\t\t\t<\/div>\n\t\t\t\t\t<\/div>\n\t\t<\/div>\n\t\t\t\t<div class=\"elementor-column elementor-col-50 elementor-top-column elementor-element elementor-element-cd8ca46\" data-id=\"cd8ca46\" data-element_type=\"column\">\n\t\t\t<div class=\"elementor-widget-wrap elementor-element-populated\">\n\t\t\t\t\t\t\t\t<div class=\"elementor-element elementor-element-8d79122 elementor-widget elementor-widget-text-editor\" data-id=\"8d79122\" data-element_type=\"widget\" data-widget_type=\"text-editor.default\">\n\t\t\t\t<div class=\"elementor-widget-container\">\n\t\t\t\t\t\t\t<h4 class=\"p1\"><span class=\"s1\">We have at your disposal a set of services that you can enjoy during your stay. <\/span><\/h4><h4 class=\"p1\"><span class=\"s1\">Check here some and register at the time of your booking and if for some reason you want to surprise someone, challenge us, we will be happy to help.<\/span><\/h4>\t\t\t\t\t\t<\/div>\n\t\t\t\t<\/div>\n\t\t\t\t\t<\/div>\n\t\t<\/div>\n\t\t\t\t\t\t\t<\/div>\n\t\t<\/section>\n\t\t\t\t<section class=\"elementor-section elementor-top-section elementor-element elementor-element-0612579 elementor-section-boxed elementor-section-height-default elementor-section-height-default\" data-id=\"0612579\" data-element_type=\"section\">\n\t\t\t\t\t\t<div class=\"elementor-container elementor-column-gap-default\">\n\t\t\t\t\t<div class=\"elementor-column elementor-col-100 elementor-top-column elementor-element elementor-element-9b65ca1\" data-id=\"9b65ca1\" data-element_type=\"column\">\n\t\t\t<div class=\"elementor-widget-wrap elementor-element-populated\">\n\t\t\t\t\t\t\t\t<div class=\"elementor-element elementor-element-0e17192 elementor-widget elementor-widget-heading\" data-id=\"0e17192\" data-element_type=\"widget\" data-widget_type=\"heading.default\">\n\t\t\t\t<div class=\"elementor-widget-container\">\n\t\t\t<h2 class=\"elementor-heading-title elementor-size-default\"><p><span><b>WELCOME DRINK (included in the reservation amount)<\/b><\/span><span style=\"font-family: &quot;Playfair Display&quot;, Georgia, serif; font-size: 28px; font-style: italic; font-weight: 400;\"><\/span><\/p><\/h2>\t\t<\/div>\n\t\t\t\t<\/div>\n\t\t\t\t\t<\/div>\n\t\t<\/div>\n\t\t\t\t\t\t\t<\/div>\n\t\t<\/section>\n\t\t\t\t<section class=\"elementor-section elementor-top-section elementor-element elementor-element-f69ac71 elementor-section-boxed elementor-section-height-default elementor-section-height-default elementor-invisible\" data-id=\"f69ac71\" data-element_type=\"section\" data-settings=\"{&quot;animation&quot;:&quot;fadeInUp&quot;,&quot;animation_delay&quot;:400}\">\n\t\t\t\t\t\t<div class=\"elementor-container elementor-column-gap-wider\">\n\t\t\t\t\t<div class=\"elementor-column elementor-col-50 elementor-top-column elementor-element elementor-element-8866ef4\" data-id=\"8866ef4\" data-element_type=\"column\">\n\t\t\t<div class=\"elementor-widget-wrap elementor-element-populated\">\n\t\t\t\t\t\t\t\t<div class=\"elementor-element elementor-element-ae8483e elementor-widget elementor-widget-text-editor\" data-id=\"ae8483e\" data-element_type=\"widget\" data-widget_type=\"text-editor.default\">\n\t\t\t\t<div class=\"elementor-widget-container\">\n\t\t\t\t\t\t\t<p>other options<\/p>\t\t\t\t\t\t<\/div>\n\t\t\t\t<\/div>\n\t\t\t\t<section class=\"elementor-section elementor-inner-section elementor-element elementor-element-37008c9 elementor-section-boxed elementor-section-height-default elementor-section-height-default\" data-id=\"37008c9\" data-element_type=\"section\">\n\t\t\t\t\t\t<div class=\"elementor-container elementor-column-gap-no\">\n\t\t\t\t\t<div class=\"elementor-column elementor-col-50 elementor-inner-column elementor-element elementor-element-00cec5e\" data-id=\"00cec5e\" data-element_type=\"column\">\n\t\t\t<div class=\"elementor-widget-wrap elementor-element-populated\">\n\t\t\t\t\t\t\t\t<div class=\"elementor-element elementor-element-f344276 elementor-widget elementor-widget-text-editor\" data-id=\"f344276\" data-element_type=\"widget\" data-widget_type=\"text-editor.default\">\n\t\t\t\t<div class=\"elementor-widget-container\">\n\t\t\t\t\t\t\t. hello alentejo\t\t\t\t\t\t<\/div>\n\t\t\t\t<\/div>\n\t\t\t\t<div class=\"elementor-element elementor-element-c37fe8c elementor-widget elementor-widget-text-editor\" data-id=\"c37fe8c\" data-element_type=\"widget\" data-widget_type=\"text-editor.default\">\n\t\t\t\t<div class=\"elementor-widget-container\">\n\t\t\t\t\t\t\t<p><span style=\"font-size: 13px;\">Bread \/ Red Wine \/ Cheese \/ Regional Sausage<\/span><\/p><p><style type=\"text\/css\">\np.p1 {margin: 0.0px 0.0px 0.0px 0.0px; line-height: 18.0px; font: 10.0px 'Times New Roman'; color: #000000}\nspan.s1 {font-kerning: none}\n<\/style><\/p>\t\t\t\t\t\t<\/div>\n\t\t\t\t<\/div>\n\t\t\t\t\t<\/div>\n\t\t<\/div>\n\t\t\t\t<div class=\"elementor-column elementor-col-50 elementor-inner-column elementor-element elementor-element-90f3207\" data-id=\"90f3207\" data-element_type=\"column\">\n\t\t\t<div class=\"elementor-widget-wrap elementor-element-populated\">\n\t\t\t\t\t\t\t\t<div class=\"elementor-element elementor-element-9fb1be3 elementor-widget elementor-widget-text-editor\" data-id=\"9fb1be3\" data-element_type=\"widget\" data-widget_type=\"text-editor.default\">\n\t\t\t\t<div class=\"elementor-widget-container\">\n\t\t\t\t\t\t\t<p>\u20ac 12.5<\/p>\t\t\t\t\t\t<\/div>\n\t\t\t\t<\/div>\n\t\t\t\t\t<\/div>\n\t\t<\/div>\n\t\t\t\t\t\t\t<\/div>\n\t\t<\/section>\n\t\t\t\t<div class=\"elementor-element elementor-element-20808f9 elementor-widget elementor-widget-spacer\" data-id=\"20808f9\" data-element_type=\"widget\" data-widget_type=\"spacer.default\">\n\t\t\t\t<div class=\"elementor-widget-container\">\n\t\t\t\t\t<div class=\"elementor-spacer\">\n\t\t\t<div class=\"elementor-spacer-inner\"><\/div>\n\t\t<\/div>\n\t\t\t\t<\/div>\n\t\t\t\t<\/div>\n\t\t\t\t<section class=\"elementor-section elementor-inner-section elementor-element elementor-element-6330902 elementor-section-boxed elementor-section-height-default elementor-section-height-default\" data-id=\"6330902\" data-element_type=\"section\">\n\t\t\t\t\t\t<div class=\"elementor-container elementor-column-gap-no\">\n\t\t\t\t\t<div class=\"elementor-column elementor-col-50 elementor-inner-column elementor-element elementor-element-e2e2596\" data-id=\"e2e2596\" data-element_type=\"column\">\n\t\t\t<div class=\"elementor-widget-wrap elementor-element-populated\">\n\t\t\t\t\t\t\t\t<div class=\"elementor-element elementor-element-cafa435 elementor-widget elementor-widget-text-editor\" data-id=\"cafa435\" data-element_type=\"widget\" data-widget_type=\"text-editor.default\">\n\t\t\t\t<div class=\"elementor-widget-container\">\n\t\t\t\t\t\t\t<p>. HERE IN THE MEDITERRANEAN<\/p>\t\t\t\t\t\t<\/div>\n\t\t\t\t<\/div>\n\t\t\t\t<div class=\"elementor-element elementor-element-89030ba elementor-widget elementor-widget-text-editor\" data-id=\"89030ba\" data-element_type=\"widget\" data-widget_type=\"text-editor.default\">\n\t\t\t\t<div class=\"elementor-widget-container\">\n\t\t\t\t\t\t\t<p>Bread \/ White Wine \/ Olives \/ Salad<\/p>\t\t\t\t\t\t<\/div>\n\t\t\t\t<\/div>\n\t\t\t\t\t<\/div>\n\t\t<\/div>\n\t\t\t\t<div class=\"elementor-column elementor-col-50 elementor-inner-column elementor-element elementor-element-20776f3\" data-id=\"20776f3\" data-element_type=\"column\">\n\t\t\t<div class=\"elementor-widget-wrap elementor-element-populated\">\n\t\t\t\t\t\t\t\t<div class=\"elementor-element elementor-element-2e6fcf2 elementor-widget elementor-widget-text-editor\" data-id=\"2e6fcf2\" data-element_type=\"widget\" data-widget_type=\"text-editor.default\">\n\t\t\t\t<div class=\"elementor-widget-container\">\n\t\t\t\t\t\t\t<p>\u20ac 1O<\/p>\t\t\t\t\t\t<\/div>\n\t\t\t\t<\/div>\n\t\t\t\t\t<\/div>\n\t\t<\/div>\n\t\t\t\t\t\t\t<\/div>\n\t\t<\/section>\n\t\t\t\t<div class=\"elementor-element elementor-element-220e370 elementor-widget elementor-widget-spacer\" data-id=\"220e370\" data-element_type=\"widget\" data-widget_type=\"spacer.default\">\n\t\t\t\t<div class=\"elementor-widget-container\">\n\t\t\t\t\t<div class=\"elementor-spacer\">\n\t\t\t<div class=\"elementor-spacer-inner\"><\/div>\n\t\t<\/div>\n\t\t\t\t<\/div>\n\t\t\t\t<\/div>\n\t\t\t\t<section class=\"elementor-section elementor-inner-section elementor-element elementor-element-a56c696 elementor-section-boxed elementor-section-height-default elementor-section-height-default\" data-id=\"a56c696\" data-element_type=\"section\">\n\t\t\t\t\t\t<div class=\"elementor-container elementor-column-gap-no\">\n\t\t\t\t\t<div class=\"elementor-column elementor-col-50 elementor-inner-column elementor-element elementor-element-c4142e8\" data-id=\"c4142e8\" data-element_type=\"column\">\n\t\t\t<div class=\"elementor-widget-wrap elementor-element-populated\">\n\t\t\t\t\t\t\t\t<div class=\"elementor-element elementor-element-671d669 elementor-widget elementor-widget-text-editor\" data-id=\"671d669\" data-element_type=\"widget\" data-widget_type=\"text-editor.default\">\n\t\t\t\t<div class=\"elementor-widget-container\">\n\t\t\t\t\t\t\t<p>. JUST FOR ROMANTICS<\/p>\t\t\t\t\t\t<\/div>\n\t\t\t\t<\/div>\n\t\t\t\t<div class=\"elementor-element elementor-element-7477ed6 elementor-widget elementor-widget-text-editor\" data-id=\"7477ed6\" data-element_type=\"widget\" data-widget_type=\"text-editor.default\">\n\t\t\t\t<div class=\"elementor-widget-container\">\n\t\t\t\t\t\t\t<p>Champagne \/ Fresh Fruits \/ Chocolate<\/p>\t\t\t\t\t\t<\/div>\n\t\t\t\t<\/div>\n\t\t\t\t<div class=\"elementor-element elementor-element-5592c6f elementor-widget elementor-widget-text-editor\" data-id=\"5592c6f\" data-element_type=\"widget\" data-widget_type=\"text-editor.default\">\n\t\t\t\t<div class=\"elementor-widget-container\">\n\t\t\t\t\t\t\t<p>(ALL VALUES INCLUDE VAT AT LEGAL RATE IN FORCE)<\/p>\t\t\t\t\t\t<\/div>\n\t\t\t\t<\/div>\n\t\t\t\t\t<\/div>\n\t\t<\/div>\n\t\t\t\t<div class=\"elementor-column elementor-col-50 elementor-inner-column elementor-element elementor-element-a05f271\" data-id=\"a05f271\" data-element_type=\"column\">\n\t\t\t<div class=\"elementor-widget-wrap elementor-element-populated\">\n\t\t\t\t\t\t\t\t<div class=\"elementor-element elementor-element-ce55474 elementor-widget elementor-widget-text-editor\" data-id=\"ce55474\" data-element_type=\"widget\" data-widget_type=\"text-editor.default\">\n\t\t\t\t<div class=\"elementor-widget-container\">\n\t\t\t\t\t\t\t<p>\u20ac 24<\/p>\t\t\t\t\t\t<\/div>\n\t\t\t\t<\/div>\n\t\t\t\t\t<\/div>\n\t\t<\/div>\n\t\t\t\t\t\t\t<\/div>\n\t\t<\/section>\n\t\t\t\t<div class=\"elementor-element elementor-element-0e1bb46 elementor-widget elementor-widget-spacer\" data-id=\"0e1bb46\" data-element_type=\"widget\" data-widget_type=\"spacer.default\">\n\t\t\t\t<div class=\"elementor-widget-container\">\n\t\t\t\t\t<div class=\"elementor-spacer\">\n\t\t\t<div class=\"elementor-spacer-inner\"><\/div>\n\t\t<\/div>\n\t\t\t\t<\/div>\n\t\t\t\t<\/div>\n\t\t\t\t\t<\/div>\n\t\t<\/div>\n\t\t\t\t<div class=\"elementor-column elementor-col-50 elementor-top-column elementor-element elementor-element-05b6d0b\" data-id=\"05b6d0b\" data-element_type=\"column\">\n\t\t\t<div class=\"elementor-widget-wrap elementor-element-populated\">\n\t\t\t\t\t\t\t\t<div class=\"elementor-element elementor-element-d934a26 elementor-widget elementor-widget-text-editor\" data-id=\"d934a26\" data-element_type=\"widget\" data-widget_type=\"text-editor.default\">\n\t\t\t\t<div class=\"elementor-widget-container\">\n\t\t\t\t\t\t\t<p>(PriceS Per person)<\/p>\t\t\t\t\t\t<\/div>\n\t\t\t\t<\/div>\n\t\t\t\t<div class=\"elementor-element elementor-element-1c85028 elementor-widget elementor-widget-spacer\" data-id=\"1c85028\" data-element_type=\"widget\" data-widget_type=\"spacer.default\">\n\t\t\t\t<div class=\"elementor-widget-container\">\n\t\t\t\t\t<div class=\"elementor-spacer\">\n\t\t\t<div class=\"elementor-spacer-inner\"><\/div>\n\t\t<\/div>\n\t\t\t\t<\/div>\n\t\t\t\t<\/div>\n\t\t\t\t<div class=\"elementor-element elementor-element-6e7239e elementor-widget elementor-widget-spacer\" data-id=\"6e7239e\" data-element_type=\"widget\" data-widget_type=\"spacer.default\">\n\t\t\t\t<div class=\"elementor-widget-container\">\n\t\t\t\t\t<div class=\"elementor-spacer\">\n\t\t\t<div class=\"elementor-spacer-inner\"><\/div>\n\t\t<\/div>\n\t\t\t\t<\/div>\n\t\t\t\t<\/div>\n\t\t\t\t<div class=\"elementor-element elementor-element-9b82591 elementor-widget elementor-widget-spacer\" data-id=\"9b82591\" data-element_type=\"widget\" data-widget_type=\"spacer.default\">\n\t\t\t\t<div class=\"elementor-widget-container\">\n\t\t\t\t\t<div class=\"elementor-spacer\">\n\t\t\t<div class=\"elementor-spacer-inner\"><\/div>\n\t\t<\/div>\n\t\t\t\t<\/div>\n\t\t\t\t<\/div>\n\t\t\t\t\t<\/div>\n\t\t<\/div>\n\t\t\t\t\t\t\t<\/div>\n\t\t<\/section>\n\t\t\t\t<section class=\"elementor-section elementor-top-section elementor-element elementor-element-8824aed elementor-section-boxed elementor-section-height-default elementor-section-height-default\" data-id=\"8824aed\" data-element_type=\"section\">\n\t\t\t\t\t\t<div class=\"elementor-container elementor-column-gap-default\">\n\t\t\t\t\t<div class=\"elementor-column elementor-col-100 elementor-top-column elementor-element elementor-element-6f08040\" data-id=\"6f08040\" data-element_type=\"column\">\n\t\t\t<div class=\"elementor-widget-wrap elementor-element-populated\">\n\t\t\t\t\t\t\t\t<div class=\"elementor-element elementor-element-da4c507 elementor-widget elementor-widget-hoteller-gallery-justified\" data-id=\"da4c507\" data-element_type=\"widget\" data-widget_type=\"hoteller-gallery-justified.default\">\n\t\t\t\t<div class=\"elementor-widget-container\">\n\t\t\t<div class=\"gallery_grid_content_wrapper do_justified justified-gallery\" data-row_height=\"150\" data-margin=\"5\" data-justify_last_row=\"yes\">\n\t\t<div class=\"entry gallery_grid_item gallery-grid-tilt\">\n\t\t\t\t\t\t\t<a class=\"tg_gallery_lightbox\" href=\"https:\/\/casinhadosolposto.pt\/wp-content\/uploads\/2019\/07\/60086912_2579109115649517_1553100280638210048_o.jpg\" data-thumb=\"https:\/\/casinhadosolposto.pt\/wp-content\/uploads\/2019\/07\/60086912_2579109115649517_1553100280638210048_o-300x225.jpg\" data-rel=\"tg_galleryda4c507\" data-title=\"60086912_2579109115649517_1553100280638210048_o\" >\n\t\t\t\t\t\t\t<img decoding=\"async\" src=\"https:\/\/casinhadosolposto.pt\/wp-content\/uploads\/2019\/07\/60086912_2579109115649517_1553100280638210048_o-768x576.jpg\" class=\"\" alt=\"\" \/>\n\t\t\t\t\t\t\t<\/a>\n\t\t\t\t\t<\/div>\n\t\t<div class=\"entry gallery_grid_item gallery-grid-tilt\">\n\t\t\t\t\t\t\t<a class=\"tg_gallery_lightbox\" href=\"https:\/\/casinhadosolposto.pt\/wp-content\/uploads\/2019\/07\/56531125_2550442081849554_2236872298365714432_o.jpg\" data-thumb=\"https:\/\/casinhadosolposto.pt\/wp-content\/uploads\/2019\/07\/56531125_2550442081849554_2236872298365714432_o-300x225.jpg\" data-rel=\"tg_galleryda4c507\" data-title=\"56531125_2550442081849554_2236872298365714432_o\" >\n\t\t\t\t\t\t\t<img decoding=\"async\" src=\"https:\/\/casinhadosolposto.pt\/wp-content\/uploads\/2019\/07\/56531125_2550442081849554_2236872298365714432_o-768x576.jpg\" class=\"\" alt=\"\" \/>\n\t\t\t\t\t\t\t<\/a>\n\t\t\t\t\t<\/div>\n\t\t<div class=\"entry gallery_grid_item gallery-grid-tilt\">\n\t\t\t\t\t\t\t<a class=\"tg_gallery_lightbox\" href=\"https:\/\/casinhadosolposto.pt\/wp-content\/uploads\/2019\/10\/boas-vindas.jpg\" data-thumb=\"https:\/\/casinhadosolposto.pt\/wp-content\/uploads\/2019\/10\/boas-vindas-300x225.jpg\" data-rel=\"tg_galleryda4c507\" data-title=\"boas vindas\" >\n\t\t\t\t\t\t\t<img decoding=\"async\" src=\"https:\/\/casinhadosolposto.pt\/wp-content\/uploads\/2019\/10\/boas-vindas-768x576.jpg\" class=\"\" alt=\"\" \/>\n\t\t\t\t\t\t\t<\/a>\n\t\t\t\t\t<\/div>\n\t\t<div class=\"entry gallery_grid_item gallery-grid-tilt\">\n\t\t\t\t\t\t\t<a class=\"tg_gallery_lightbox\" href=\"https:\/\/casinhadosolposto.pt\/wp-content\/uploads\/2019\/10\/IMG_20190517_234906.jpg\" data-thumb=\"https:\/\/casinhadosolposto.pt\/wp-content\/uploads\/2019\/10\/IMG_20190517_234906-300x225.jpg\" data-rel=\"tg_galleryda4c507\" data-title=\"IMG_20190517_234906\" >\n\t\t\t\t\t\t\t<img decoding=\"async\" src=\"https:\/\/casinhadosolposto.pt\/wp-content\/uploads\/2019\/10\/IMG_20190517_234906-768x576.jpg\" class=\"\" alt=\"\" \/>\n\t\t\t\t\t\t\t<\/a>\n\t\t\t\t\t<\/div>\n\t\t<div class=\"entry gallery_grid_item gallery-grid-tilt\">\n\t\t\t\t\t\t\t<a class=\"tg_gallery_lightbox\" href=\"https:\/\/casinhadosolposto.pt\/wp-content\/uploads\/2019\/10\/IMG_20190622_225351.jpg\" data-thumb=\"https:\/\/casinhadosolposto.pt\/wp-content\/uploads\/2019\/10\/IMG_20190622_225351-225x300.jpg\" data-rel=\"tg_galleryda4c507\" data-title=\"dav\" >\n\t\t\t\t\t\t\t<img decoding=\"async\" src=\"https:\/\/casinhadosolposto.pt\/wp-content\/uploads\/2019\/10\/IMG_20190622_225351-768x1024.jpg\" class=\"\" alt=\"\" \/>\n\t\t\t\t\t\t\t<\/a>\n\t\t\t\t\t<\/div>\n\t\t<div class=\"entry gallery_grid_item gallery-grid-tilt\">\n\t\t\t\t\t\t\t<a class=\"tg_gallery_lightbox\" href=\"https:\/\/casinhadosolposto.pt\/wp-content\/uploads\/2019\/10\/IMG_20190628_191816.jpg\" data-thumb=\"https:\/\/casinhadosolposto.pt\/wp-content\/uploads\/2019\/10\/IMG_20190628_191816-279x300.jpg\" data-rel=\"tg_galleryda4c507\" data-title=\"dav\" >\n\t\t\t\t\t\t\t<img decoding=\"async\" src=\"https:\/\/casinhadosolposto.pt\/wp-content\/uploads\/2019\/10\/IMG_20190628_191816-768x825.jpg\" class=\"\" alt=\"\" \/>\n\t\t\t\t\t\t\t<\/a>\n\t\t\t\t\t<\/div>\n\t\t<div class=\"entry gallery_grid_item gallery-grid-tilt\">\n\t\t\t\t\t\t\t<a class=\"tg_gallery_lightbox\" href=\"https:\/\/casinhadosolposto.pt\/wp-content\/uploads\/2019\/10\/IMG_20190713_191346.jpg\" data-thumb=\"https:\/\/casinhadosolposto.pt\/wp-content\/uploads\/2019\/10\/IMG_20190713_191346-300x225.jpg\" data-rel=\"tg_galleryda4c507\" data-title=\"IMG_20190713_191346\" >\n\t\t\t\t\t\t\t<img decoding=\"async\" src=\"https:\/\/casinhadosolposto.pt\/wp-content\/uploads\/2019\/10\/IMG_20190713_191346-768x576.jpg\" class=\"\" alt=\"\" \/>\n\t\t\t\t\t\t\t<\/a>\n\t\t\t\t\t<\/div>\n\t\t<div class=\"entry gallery_grid_item gallery-grid-tilt\">\n\t\t\t\t\t\t\t<a class=\"tg_gallery_lightbox\" href=\"https:\/\/casinhadosolposto.pt\/wp-content\/uploads\/2019\/10\/IMG_20190726_215123.jpg\" data-thumb=\"https:\/\/casinhadosolposto.pt\/wp-content\/uploads\/2019\/10\/IMG_20190726_215123-300x225.jpg\" data-rel=\"tg_galleryda4c507\" data-title=\"IMG_20190726_215123\" >\n\t\t\t\t\t\t\t<img decoding=\"async\" src=\"https:\/\/casinhadosolposto.pt\/wp-content\/uploads\/2019\/10\/IMG_20190726_215123-768x576.jpg\" class=\"\" alt=\"\" \/>\n\t\t\t\t\t\t\t<\/a>\n\t\t\t\t\t<\/div>\n\t\t<div class=\"entry gallery_grid_item gallery-grid-tilt\">\n\t\t\t\t\t\t\t<a class=\"tg_gallery_lightbox\" href=\"https:\/\/casinhadosolposto.pt\/wp-content\/uploads\/2019\/10\/IMG_20190726_215240-1.jpg\" data-thumb=\"https:\/\/casinhadosolposto.pt\/wp-content\/uploads\/2019\/10\/IMG_20190726_215240-1-300x225.jpg\" data-rel=\"tg_galleryda4c507\" data-title=\"IMG_20190726_215240\" >\n\t\t\t\t\t\t\t<img decoding=\"async\" src=\"https:\/\/casinhadosolposto.pt\/wp-content\/uploads\/2019\/10\/IMG_20190726_215240-1-768x576.jpg\" class=\"\" alt=\"\" \/>\n\t\t\t\t\t\t\t<\/a>\n\t\t\t\t\t<\/div>\n\t\t<div class=\"entry gallery_grid_item gallery-grid-tilt\">\n\t\t\t\t\t\t\t<a class=\"tg_gallery_lightbox\" href=\"https:\/\/casinhadosolposto.pt\/wp-content\/uploads\/2019\/10\/IMG_20190809_222509.jpg\" data-thumb=\"https:\/\/casinhadosolposto.pt\/wp-content\/uploads\/2019\/10\/IMG_20190809_222509-300x225.jpg\" data-rel=\"tg_galleryda4c507\" data-title=\"IMG_20190809_222509\" >\n\t\t\t\t\t\t\t<img decoding=\"async\" src=\"https:\/\/casinhadosolposto.pt\/wp-content\/uploads\/2019\/10\/IMG_20190809_222509-768x576.jpg\" class=\"\" alt=\"\" \/>\n\t\t\t\t\t\t\t<\/a>\n\t\t\t\t\t<\/div>\n\t\t<div class=\"entry gallery_grid_item gallery-grid-tilt\">\n\t\t\t\t\t\t\t<a class=\"tg_gallery_lightbox\" href=\"https:\/\/casinhadosolposto.pt\/wp-content\/uploads\/2019\/10\/IMG_20190825_155738.jpg\" data-thumb=\"https:\/\/casinhadosolposto.pt\/wp-content\/uploads\/2019\/10\/IMG_20190825_155738-300x225.jpg\" data-rel=\"tg_galleryda4c507\" data-title=\"IMG_20190825_155738\" >\n\t\t\t\t\t\t\t<img decoding=\"async\" src=\"https:\/\/casinhadosolposto.pt\/wp-content\/uploads\/2019\/10\/IMG_20190825_155738-768x576.jpg\" class=\"\" alt=\"\" \/>\n\t\t\t\t\t\t\t<\/a>\n\t\t\t\t\t<\/div>\n\t\t<div class=\"entry gallery_grid_item gallery-grid-tilt\">\n\t\t\t\t\t\t\t<a class=\"tg_gallery_lightbox\" href=\"https:\/\/casinhadosolposto.pt\/wp-content\/uploads\/2019\/10\/IMG_20190830_213336.jpg\" data-thumb=\"https:\/\/casinhadosolposto.pt\/wp-content\/uploads\/2019\/10\/IMG_20190830_213336-300x225.jpg\" data-rel=\"tg_galleryda4c507\" data-title=\"IMG_20190830_213336\" >\n\t\t\t\t\t\t\t<img decoding=\"async\" src=\"https:\/\/casinhadosolposto.pt\/wp-content\/uploads\/2019\/10\/IMG_20190830_213336-768x576.jpg\" class=\"\" alt=\"\" \/>\n\t\t\t\t\t\t\t<\/a>\n\t\t\t\t\t<\/div>\n\t\t<div class=\"entry gallery_grid_item gallery-grid-tilt\">\n\t\t\t\t\t\t\t<a class=\"tg_gallery_lightbox\" href=\"https:\/\/casinhadosolposto.pt\/wp-content\/uploads\/2019\/10\/IMG_20190830_220923.jpg\" data-thumb=\"https:\/\/casinhadosolposto.pt\/wp-content\/uploads\/2019\/10\/IMG_20190830_220923-300x225.jpg\" data-rel=\"tg_galleryda4c507\" data-title=\"IMG_20190830_220923\" >\n\t\t\t\t\t\t\t<img decoding=\"async\" src=\"https:\/\/casinhadosolposto.pt\/wp-content\/uploads\/2019\/10\/IMG_20190830_220923-768x576.jpg\" class=\"\" alt=\"\" \/>\n\t\t\t\t\t\t\t<\/a>\n\t\t\t\t\t<\/div>\n<br class=\"clear\"\/>\n<\/div>\n\t\t<\/div>\n\t\t\t\t<\/div>\n\t\t\t\t\t<\/div>\n\t\t<\/div>\n\t\t\t\t\t\t\t<\/div>\n\t\t<\/section>\n\t\t\t\t\t\t\t<\/div>","protected":false},"excerpt":{"rendered":"<p>Peda\u00e7os de Amor N\u00e3o \u00e9 s\u00f3 uma casinha, \u00e9 um conceito de bem-estar Desfrute de momentos simples que ficam na mem\u00f3ria. Um \u201cBem Receber\u201c \u00e9 caracter\u00edstico da nossa Regi\u00e3o, queremos que se sinta acarinhado desde o primeiro segundo que chegar. [&hellip;]<\/p>","protected":false},"author":1,"featured_media":0,"parent":0,"menu_order":0,"comment_status":"closed","ping_status":"closed","template":"","meta":{"footnotes":""},"_links":{"self":[{"href":"https:\/\/casinhadosolposto.pt\/en\/wp-json\/wp\/v2\/pages\/455"}],"collection":[{"href":"https:\/\/casinhadosolposto.pt\/en\/wp-json\/wp\/v2\/pages"}],"about":[{"href":"https:\/\/casinhadosolposto.pt\/en\/wp-json\/wp\/v2\/types\/page"}],"author":[{"embeddable":true,"href":"https:\/\/casinhadosolposto.pt\/en\/wp-json\/wp\/v2\/users\/1"}],"replies":[{"embeddable":true,"href":"https:\/\/casinhadosolposto.pt\/en\/wp-json\/wp\/v2\/comments?post=455"}],"version-history":[{"count":13,"href":"https:\/\/casinhadosolposto.pt\/en\/wp-json\/wp\/v2\/pages\/455\/revisions"}],"predecessor-version":[{"id":2172,"href":"https:\/\/casinhadosolposto.pt\/en\/wp-json\/wp\/v2\/pages\/455\/revisions\/2172"}],"wp:attachment":[{"href":"https:\/\/casinhadosolposto.pt\/en\/wp-json\/wp\/v2\/media?parent=455"}],"curies":[{"name":"wp","href":"https:\/\/api.w.org\/{rel}","templated":true}]}}