{"id":278,"date":"2018-06-19T08:57:21","date_gmt":"2018-06-19T08:57:21","guid":{"rendered":"https:\/\/casinhadosolposto.pt\/?page_id=278"},"modified":"2023-01-31T09:52:26","modified_gmt":"2023-01-31T09:52:26","slug":"sobre-pt","status":"publish","type":"page","link":"https:\/\/casinhadosolposto.pt\/en\/sobre-pt\/","title":{"rendered":"About Casinha"},"content":{"rendered":"<div data-elementor-type=\"wp-page\" data-elementor-id=\"278\" class=\"elementor elementor-278\">\n\t\t\t\t\t\t\t\t\t<section class=\"elementor-section elementor-top-section elementor-element elementor-element-5a8bab24 elementor-section-stretched elementor-section-height-min-height elementor-section-boxed elementor-section-height-default elementor-section-items-middle elementor-invisible\" data-id=\"5a8bab24\" data-element_type=\"section\" data-settings=\"{&quot;stretch_section&quot;:&quot;section-stretched&quot;,&quot;background_background&quot;:&quot;classic&quot;,&quot;animation&quot;:&quot;slideInDown&quot;}\">\n\t\t\t\t\t\t\t<div class=\"elementor-background-overlay\"><\/div>\n\t\t\t\t\t\t\t<div class=\"elementor-container elementor-column-gap-default\">\n\t\t\t\t\t<div class=\"elementor-column elementor-col-100 elementor-top-column elementor-element elementor-element-746d1ce5\" data-id=\"746d1ce5\" data-element_type=\"column\">\n\t\t\t<div class=\"elementor-widget-wrap elementor-element-populated\">\n\t\t\t\t\t\t\t\t<div class=\"elementor-element elementor-element-5ed925ac elementor-invisible elementor-widget elementor-widget-heading\" data-id=\"5ed925ac\" data-element_type=\"widget\" data-settings=\"{&quot;_animation&quot;:&quot;fadeInUp&quot;}\" data-widget_type=\"heading.default\">\n\t\t\t\t<div class=\"elementor-widget-container\">\n\t\t\t<h1 class=\"elementor-heading-title elementor-size-default\">About Casinha<\/h1>\t\t<\/div>\n\t\t\t\t<\/div>\n\t\t\t\t<div class=\"elementor-element elementor-element-37889d44 elementor-invisible elementor-widget elementor-widget-heading\" data-id=\"37889d44\" data-element_type=\"widget\" data-settings=\"{&quot;_animation&quot;:&quot;fadeInUp&quot;,&quot;_animation_delay&quot;:400}\" data-widget_type=\"heading.default\">\n\t\t\t\t<div class=\"elementor-widget-container\">\n\t\t\t<div class=\"elementor-heading-title elementor-size-default\">Since 2018<\/div>\t\t<\/div>\n\t\t\t\t<\/div>\n\t\t\t\t\t<\/div>\n\t\t<\/div>\n\t\t\t\t\t\t\t<\/div>\n\t\t<\/section>\n\t\t\t\t<section class=\"elementor-section elementor-top-section elementor-element elementor-element-b57513f elementor-section-boxed elementor-section-height-default elementor-section-height-default\" data-id=\"b57513f\" data-element_type=\"section\">\n\t\t\t\t\t\t<div class=\"elementor-container elementor-column-gap-default\">\n\t\t\t\t\t<div class=\"elementor-column elementor-col-100 elementor-top-column elementor-element elementor-element-3680da6\" data-id=\"3680da6\" data-element_type=\"column\">\n\t\t\t<div class=\"elementor-widget-wrap elementor-element-populated\">\n\t\t\t\t\t\t\t\t<div class=\"elementor-element elementor-element-e71bcf0 elementor-drop-cap-yes elementor-drop-cap-view-default elementor-invisible elementor-widget elementor-widget-text-editor\" data-id=\"e71bcf0\" data-element_type=\"widget\" data-settings=\"{&quot;_animation&quot;:&quot;fadeInUp&quot;,&quot;_animation_delay&quot;:400,&quot;drop_cap&quot;:&quot;yes&quot;}\" data-widget_type=\"text-editor.default\">\n\t\t\t\t<div class=\"elementor-widget-container\">\n\t\t\t\t\t\t\t<h1 class=\"_2cuy _3dgx _2vxa\"><strong><span class=\"_4yxo _4yxp\">Casinha Philosophy<\/span><\/strong><\/h1><p>\u00a0<\/p><div class=\"_2cuy _3dgx _2vxa\">Deixe-me partilhar consigo uma forma diferente de passar uns dias na aldeia, com conforto e charme.<\/div><div>\u00a0<\/div><div class=\"_2cuy _3dgx _2vxa\">Nada foi deixado ao acaso e vai decerto querer viver esta experi\u00eancia. O nosso p\u00fablico alvo procura tranquilidade e algo diferente. Por isso disponibilizamos toda a casinha em <strong><span class=\"_4yxo\">complete exclusivity<\/span><\/strong>.<\/div><div>\u00a0<\/div><div class=\"_2cuy _3dgx _2vxa\">I live in Lisbon but I make a point of personally receiving and handing you the key. Then I give suggestions, with experiences, visits, tours and the rest is up to you.<\/div><div>\u00a0<\/div><div class=\"_2cuy _3dgx _2vxa\">Check-in time starts at 5 PM, check-out time is subject to availability and surprises abound. Everything is prepared with much love.<\/div><div>\u00a0<\/div><div class=\"_2cuy _3dgx _2vxa\">A casinha \u00e9 uma das muitas que existem nas aldeias ribeirinhas do Grande Lago do Alqueva, situada em Motrinos, \u00e9 composta por um quarto, 1 sala com sof\u00e1 cama, 1 casa de banho e cozinha. Com capacidade para o m\u00e1ximo de 5 adultos.<\/div><div>\u00a0<\/div><div class=\"_2cuy _3dgx _2vxa\">We have some interesting partner activities, such as Reiki therapies and initiations and nature meditation.<\/div><div>\u00a0<\/div><div class=\"_2cuy _3dgx _2vxa\">The Casinha has a well-equipped kitchen at your disposal if you wish to cook your meals.<\/div><div>\u00a0<\/div><div class=\"_2cuy _3dgx _2vxa\">I think is everything so that you can think to live this experience that is anything but a bed.<\/div><div>\u00a0<\/div><div class=\"_2cuy _3dgx _2vxa\">See you soon!<\/div><h4 class=\"_2cuy _3dgx _2vxa\"><strong><span class=\"_4yxo _4yxp\">Cid\u00e1lia Godinho<\/span><\/strong><\/h4>\t\t\t\t\t\t<\/div>\n\t\t\t\t<\/div>\n\t\t\t\t\t<\/div>\n\t\t<\/div>\n\t\t\t\t\t\t\t<\/div>\n\t\t<\/section>\n\t\t\t\t<section class=\"elementor-section elementor-top-section elementor-element elementor-element-567c662 elementor-section-stretched elementor-section-height-min-height elementor-section-boxed elementor-section-height-default elementor-section-items-middle elementor-invisible\" data-id=\"567c662\" data-element_type=\"section\" data-settings=\"{&quot;stretch_section&quot;:&quot;section-stretched&quot;,&quot;background_background&quot;:&quot;classic&quot;,&quot;animation&quot;:&quot;fadeIn&quot;}\">\n\t\t\t\t\t\t<div class=\"elementor-container elementor-column-gap-default\">\n\t\t\t\t\t<div class=\"elementor-column elementor-col-100 elementor-top-column elementor-element elementor-element-6e36b73\" data-id=\"6e36b73\" data-element_type=\"column\">\n\t\t\t<div class=\"elementor-widget-wrap\">\n\t\t\t\t\t\t\t\t\t<\/div>\n\t\t<\/div>\n\t\t\t\t\t\t\t<\/div>\n\t\t<\/section>\n\t\t\t\t<section class=\"elementor-section elementor-top-section elementor-element elementor-element-a8d707d elementor-section-boxed elementor-section-height-default elementor-section-height-default\" data-id=\"a8d707d\" data-element_type=\"section\">\n\t\t\t\t\t\t<div class=\"elementor-container elementor-column-gap-default\">\n\t\t\t\t\t<div class=\"elementor-column elementor-col-100 elementor-top-column elementor-element elementor-element-a2e01e6\" data-id=\"a2e01e6\" data-element_type=\"column\">\n\t\t\t<div class=\"elementor-widget-wrap elementor-element-populated\">\n\t\t\t\t\t\t\t\t<div class=\"elementor-element elementor-element-951ebf3 elementor-invisible elementor-widget elementor-widget-text-editor\" data-id=\"951ebf3\" data-element_type=\"widget\" data-settings=\"{&quot;_animation&quot;:&quot;fadeInUp&quot;}\" data-widget_type=\"text-editor.default\">\n\t\t\t\t<div class=\"elementor-widget-container\">\n\t\t\t\t\t\t\t<p class=\"p1\">A\u00a0<span class=\"s1\" style=\"color: #d4bf7b;\"><i>Refuge<\/i><\/span>\u00a0in the heart of Alentejo<\/p>\t\t\t\t\t\t<\/div>\n\t\t\t\t<\/div>\n\t\t\t\t\t<\/div>\n\t\t<\/div>\n\t\t\t\t\t\t\t<\/div>\n\t\t<\/section>\n\t\t\t\t<section class=\"elementor-section elementor-top-section elementor-element elementor-element-2447cc0 elementor-section-boxed elementor-section-height-default elementor-section-height-default elementor-invisible\" data-id=\"2447cc0\" data-element_type=\"section\" data-settings=\"{&quot;animation&quot;:&quot;fadeInUp&quot;,&quot;animation_delay&quot;:400}\">\n\t\t\t\t\t\t<div class=\"elementor-container elementor-column-gap-default\">\n\t\t\t\t\t<div class=\"elementor-column elementor-col-50 elementor-top-column elementor-element elementor-element-573de7e\" data-id=\"573de7e\" data-element_type=\"column\">\n\t\t\t<div class=\"elementor-widget-wrap elementor-element-populated\">\n\t\t\t\t\t\t\t\t<div class=\"elementor-element elementor-element-d038cb0 elementor-widget elementor-widget-text-editor\" data-id=\"d038cb0\" data-element_type=\"widget\" data-widget_type=\"text-editor.default\">\n\t\t\t\t<div class=\"elementor-widget-container\">\n\t\t\t\t\t\t\t<p class=\"p1\"><span class=\"s1\">It is in the heart of Alentejo about 50 km from the city of \u00c9vora, UNESCO World Heritage since 1986 and about 200 km from the city of Lisbon and near the Monsaraz Castle, one of the most fabulous and mystical places of our country, which is located\u00a0<b>Casinha do Sol-Posto.<\/b><\/span><\/p>\t\t\t\t\t\t<\/div>\n\t\t\t\t<\/div>\n\t\t\t\t\t<\/div>\n\t\t<\/div>\n\t\t\t\t<div class=\"elementor-column elementor-col-50 elementor-top-column elementor-element elementor-element-d84a1fa\" data-id=\"d84a1fa\" data-element_type=\"column\">\n\t\t\t<div class=\"elementor-widget-wrap elementor-element-populated\">\n\t\t\t\t\t\t\t\t<div class=\"elementor-element elementor-element-5c4d8d6 elementor-widget elementor-widget-text-editor\" data-id=\"5c4d8d6\" data-element_type=\"widget\" data-widget_type=\"text-editor.default\">\n\t\t\t\t<div class=\"elementor-widget-container\">\n\t\t\t\t\t\t\t<p class=\"p1\"><span class=\"s1\">This is a special place because from the dream to the construction of this space some obstacles have been overcome thinking about the originality and the difference in receiving with comfort and simplicity.<\/span><\/p><p class=\"p1\"><span class=\"s1\">See if you don't delay\u2026 I'm waiting for you!<\/span><\/p>\t\t\t\t\t\t<\/div>\n\t\t\t\t<\/div>\n\t\t\t\t\t<\/div>\n\t\t<\/div>\n\t\t\t\t\t\t\t<\/div>\n\t\t<\/section>\n\t\t\t\t<section class=\"elementor-section elementor-top-section elementor-element elementor-element-b91d064 elementor-section-stretched elementor-section-boxed elementor-section-height-default elementor-section-height-default\" data-id=\"b91d064\" data-element_type=\"section\" data-settings=\"{&quot;stretch_section&quot;:&quot;section-stretched&quot;}\">\n\t\t\t\t\t\t<div class=\"elementor-container elementor-column-gap-default\">\n\t\t\t\t\t<div class=\"elementor-column elementor-col-100 elementor-top-column elementor-element elementor-element-65c9645\" data-id=\"65c9645\" data-element_type=\"column\">\n\t\t\t<div class=\"elementor-widget-wrap elementor-element-populated\">\n\t\t\t\t\t\t\t\t<div class=\"elementor-element elementor-element-0f40bd8 elementor-widget elementor-widget-hoteller-slider-property-clip\" data-id=\"0f40bd8\" data-element_type=\"widget\" data-widget_type=\"hoteller-slider-property-clip.default\">\n\t\t\t\t<div class=\"elementor-widget-container\">\n\t\t\t<section class=\"tg_slider_property_clip_wrapper intro\" style=\"width:100%;height:600px;\">\n\t<div class=\"content right\">\n        <div>\n\t        \t\t    \t    \t<h1>Peacefully in Comfort<\/h1>\n\t    \t\t\t    <p class=\"p1\"><span class=\"s1\">\"It's not about money, it's not about prestige, it's not about class, it's about having an identity.\"<\/span><em><span class=\"s1\">Lady Gaga<\/span><\/em><\/p>\t\t<\/div>\n    <\/div>\n    <div class=\"slider left\">\n        <ul>\n\t\t\t<li class=\"tg_horizontal_gallery_cell\" style=\"background-image:url(https:\/\/casinhadosolposto.pt\/wp-content\/uploads\/2019\/07\/ja-sobre3-1024x768.jpg);\"><\/li>\n\t\t\t<li class=\"tg_horizontal_gallery_cell\" style=\"background-image:url(https:\/\/casinhadosolposto.pt\/wp-content\/uploads\/2019\/07\/ja-sobre4.jpg);\"><\/li>\n\t        <\/ul>\n        \n        <ul>\n\t        <nav>\n\t\t\t<a href=\"javascript:;\"><\/a>\n\t\t\t<a href=\"javascript:;\"><\/a>\n\t\t        <\/nav>\n        <\/ul>\n    <\/div>\n<\/section>\n\t\t<\/div>\n\t\t\t\t<\/div>\n\t\t\t\t\t<\/div>\n\t\t<\/div>\n\t\t\t\t\t\t\t<\/div>\n\t\t<\/section>\n\t\t\t\t<section class=\"elementor-section elementor-top-section elementor-element elementor-element-ba139a8 elementor-section-stretched elementor-section-boxed elementor-section-height-default elementor-section-height-default\" data-id=\"ba139a8\" data-element_type=\"section\" data-settings=\"{&quot;stretch_section&quot;:&quot;section-stretched&quot;}\">\n\t\t\t\t\t\t<div class=\"elementor-container elementor-column-gap-default\">\n\t\t\t\t\t<div class=\"elementor-column elementor-col-100 elementor-top-column elementor-element elementor-element-47f5185\" data-id=\"47f5185\" data-element_type=\"column\">\n\t\t\t<div class=\"elementor-widget-wrap elementor-element-populated\">\n\t\t\t\t\t\t\t\t<div class=\"elementor-element elementor-element-70a9ca4 elementor-widget elementor-widget-hoteller-slider-property-clip\" data-id=\"70a9ca4\" data-element_type=\"widget\" data-widget_type=\"hoteller-slider-property-clip.default\">\n\t\t\t\t<div class=\"elementor-widget-container\">\n\t\t\t<section class=\"tg_slider_property_clip_wrapper intro\" style=\"width:100%;height:600px;\">\n\t<div class=\"content left\">\n        <div>\n\t        \t\t    \t    \t<h1>Breathtaking Views<\/h1>\n\t    \t\t\t    <p class=\"p1\"><span class=\"s1\">\"In the end, something tells me it will be all right.<br \/><br \/>That the paths are crooked but the arrival is certain.<br \/><br \/>That there are beautiful things waiting ahead if we believe.<br \/><br \/>And I believe! I live to believe.<br \/><br \/>And I believe that what really matters is not the stones I find along the way, but the flowers I carry with me. Within the heart\"<\/span><\/p><p><em><span class=\"s1\">Ana J\u00e1como<\/span><\/em><\/p>\t\t<\/div>\n    <\/div>\n    <div class=\"slider right\">\n        <ul>\n\t\t\t<li class=\"tg_horizontal_gallery_cell\" style=\"background-image:url(https:\/\/casinhadosolposto.pt\/wp-content\/uploads\/2019\/10\/IMG_20190920_192344-1024x768.jpg);\"><\/li>\n\t\t\t<li class=\"tg_horizontal_gallery_cell\" style=\"background-image:url(https:\/\/casinhadosolposto.pt\/wp-content\/uploads\/2019\/10\/IMG_20190623_142841_edit-1024x768.jpg);\"><\/li>\n\t        <\/ul>\n        \n        <ul>\n\t        <nav>\n\t\t\t<a href=\"javascript:;\"><\/a>\n\t\t\t<a href=\"javascript:;\"><\/a>\n\t\t        <\/nav>\n        <\/ul>\n    <\/div>\n<\/section>\n\t\t<\/div>\n\t\t\t\t<\/div>\n\t\t\t\t\t<\/div>\n\t\t<\/div>\n\t\t\t\t\t\t\t<\/div>\n\t\t<\/section>\n\t\t\t\t<section class=\"elementor-section elementor-top-section elementor-element elementor-element-da89d47 elementor-section-stretched elementor-section-boxed elementor-section-height-default elementor-section-height-default\" data-id=\"da89d47\" data-element_type=\"section\" data-settings=\"{&quot;stretch_section&quot;:&quot;section-stretched&quot;}\">\n\t\t\t\t\t\t<div class=\"elementor-container elementor-column-gap-default\">\n\t\t\t\t\t<div class=\"elementor-column elementor-col-100 elementor-top-column elementor-element elementor-element-76e17da\" data-id=\"76e17da\" data-element_type=\"column\">\n\t\t\t<div class=\"elementor-widget-wrap elementor-element-populated\">\n\t\t\t\t\t\t\t\t<div class=\"elementor-element elementor-element-cfe0235 elementor-widget elementor-widget-hoteller-slider-property-clip\" data-id=\"cfe0235\" data-element_type=\"widget\" data-widget_type=\"hoteller-slider-property-clip.default\">\n\t\t\t\t<div class=\"elementor-widget-container\">\n\t\t\t<section class=\"tg_slider_property_clip_wrapper intro\" style=\"width:100%;height:600px;\">\n\t<div class=\"content right\">\n        <div>\n\t        \t\t    \t    \t<h1>Receive with LOVE<\/h1>\n\t    \t\t\t    <p class=\"p1\"><span class=\"s1\">IT'S NOT ONLY A HOUSE, IT'S A WELFARE CONCEPT<\/span><\/p>\t\t<\/div>\n    <\/div>\n    <div class=\"slider left\">\n        <ul>\n\t\t\t<li class=\"tg_horizontal_gallery_cell\" style=\"background-image:url(https:\/\/casinhadosolposto.pt\/wp-content\/uploads\/2019\/07\/ja-sobre7.jpg);\"><\/li>\n\t\t\t<li class=\"tg_horizontal_gallery_cell\" style=\"background-image:url(https:\/\/casinhadosolposto.pt\/wp-content\/uploads\/2019\/07\/ja-sobre8-768x1024.jpg);\"><\/li>\n\t        <\/ul>\n        \n        <ul>\n\t        <nav>\n\t\t\t<a href=\"javascript:;\"><\/a>\n\t\t\t<a href=\"javascript:;\"><\/a>\n\t\t        <\/nav>\n        <\/ul>\n    <\/div>\n<\/section>\n\t\t<\/div>\n\t\t\t\t<\/div>\n\t\t\t\t\t<\/div>\n\t\t<\/div>\n\t\t\t\t\t\t\t<\/div>\n\t\t<\/section>\n\t\t\t\t<section class=\"elementor-section elementor-top-section elementor-element elementor-element-ba8b01c elementor-section-stretched elementor-section-height-min-height elementor-section-boxed elementor-section-height-default elementor-section-items-middle elementor-invisible\" data-id=\"ba8b01c\" data-element_type=\"section\" data-settings=\"{&quot;stretch_section&quot;:&quot;section-stretched&quot;,&quot;background_background&quot;:&quot;classic&quot;,&quot;animation&quot;:&quot;fadeIn&quot;,&quot;shape_divider_bottom&quot;:&quot;arrow&quot;}\">\n\t\t\t\t\t<div class=\"elementor-shape elementor-shape-bottom\" data-negative=\"false\">\n\t\t\t<svg xmlns=\"http:\/\/www.w3.org\/2000\/svg\" viewbox=\"0 0 700 10\" preserveaspectratio=\"none\">\n\t<path class=\"elementor-shape-fill\" d=\"M350,10L340,0h20L350,10z\"\/>\n<\/svg>\t\t<\/div>\n\t\t\t\t\t<div class=\"elementor-container elementor-column-gap-default\">\n\t\t\t\t\t<div class=\"elementor-column elementor-col-100 elementor-top-column elementor-element elementor-element-3e55d04\" data-id=\"3e55d04\" data-element_type=\"column\">\n\t\t\t<div class=\"elementor-widget-wrap\">\n\t\t\t\t\t\t\t\t\t<\/div>\n\t\t<\/div>\n\t\t\t\t\t\t\t<\/div>\n\t\t<\/section>\n\t\t\t\t\t\t\t<\/div>","protected":false},"excerpt":{"rendered":"<p>Sobre a Casinha Since 2018 Filosofia da casinha \u00a0 Deixe-me partilhar consigo uma forma diferente de passar uns dias na aldeia, com conforto e charme.\u00a0Nada foi deixado ao acaso e vai decerto querer viver esta experi\u00eancia. O nosso p\u00fablico alvo [&hellip;]<\/p>","protected":false},"author":1,"featured_media":0,"parent":0,"menu_order":0,"comment_status":"closed","ping_status":"closed","template":"","meta":{"footnotes":""},"_links":{"self":[{"href":"https:\/\/casinhadosolposto.pt\/en\/wp-json\/wp\/v2\/pages\/278"}],"collection":[{"href":"https:\/\/casinhadosolposto.pt\/en\/wp-json\/wp\/v2\/pages"}],"about":[{"href":"https:\/\/casinhadosolposto.pt\/en\/wp-json\/wp\/v2\/types\/page"}],"author":[{"embeddable":true,"href":"https:\/\/casinhadosolposto.pt\/en\/wp-json\/wp\/v2\/users\/1"}],"replies":[{"embeddable":true,"href":"https:\/\/casinhadosolposto.pt\/en\/wp-json\/wp\/v2\/comments?post=278"}],"version-history":[{"count":24,"href":"https:\/\/casinhadosolposto.pt\/en\/wp-json\/wp\/v2\/pages\/278\/revisions"}],"predecessor-version":[{"id":2534,"href":"https:\/\/casinhadosolposto.pt\/en\/wp-json\/wp\/v2\/pages\/278\/revisions\/2534"}],"wp:attachment":[{"href":"https:\/\/casinhadosolposto.pt\/en\/wp-json\/wp\/v2\/media?parent=278"}],"curies":[{"name":"wp","href":"https:\/\/api.w.org\/{rel}","templated":true}]}}